{"id":15981,"date":"2021-01-27T06:55:31","date_gmt":"2021-01-27T05:55:31","guid":{"rendered":"https:\/\/staging-cfe5-efecomunicaefe.wpcomstaging.com\/?page_id=15981"},"modified":"2026-02-23T13:55:04","modified_gmt":"2026-02-23T12:55:04","slug":"geracao-de-conteudos","status":"publish","type":"page","link":"https:\/\/staging-cfe5-efecomunicaefe.wpcomstaging.com\/pt-pt\/geracao-de-conteudos\/","title":{"rendered":"Gera\u00e7\u00e3o de conte\u00fados"},"content":{"rendered":"\t\t<div data-elementor-type=\"wp-page\" data-elementor-id=\"15981\" class=\"elementor elementor-15981\" data-elementor-post-type=\"page\">\n\t\t\t\t<div class=\"elementor-element elementor-element-33ad96a e-flex e-con-boxed e-con e-parent\" data-id=\"33ad96a\" data-element_type=\"container\" data-e-type=\"container\" data-settings=\"{&quot;background_background&quot;:&quot;classic&quot;}\">\n\t\t\t\t\t<div class=\"e-con-inner\">\n\t\t\t\t<div class=\"elementor-element elementor-element-4a07e57 elementor-widget elementor-widget-heading\" data-id=\"4a07e57\" data-element_type=\"widget\" data-e-type=\"widget\" data-widget_type=\"heading.default\">\n\t\t\t\t<div class=\"elementor-widget-container\">\n\t\t\t\t\t<h2 class=\"elementor-heading-title elementor-size-default\">Gera\u00e7\u00e3o de conte\u00fados<\/h2>\t\t\t\t<\/div>\n\t\t\t\t<\/div>\n\t\t\t\t\t<\/div>\n\t\t\t\t<\/div>\n\t\t<div class=\"elementor-element elementor-element-9104ccb servicios e-flex e-con-boxed e-con e-parent\" data-id=\"9104ccb\" data-element_type=\"container\" data-e-type=\"container\" data-settings=\"{&quot;background_background&quot;:&quot;classic&quot;}\">\n\t\t\t\t\t<div class=\"e-con-inner\">\n\t\t\t\t<div class=\"elementor-element elementor-element-f5e2551 elementor-position-left elementor-vertical-align-middle elementor-widget elementor-widget-image-box\" data-id=\"f5e2551\" data-element_type=\"widget\" data-e-type=\"widget\" data-widget_type=\"image-box.default\">\n\t\t\t\t<div class=\"elementor-widget-container\">\n\t\t\t\t\t<div class=\"elementor-image-box-wrapper\"><figure class=\"elementor-image-box-img\"><img fetchpriority=\"high\" decoding=\"async\" data-attachment-id=\"209986\" data-permalink=\"https:\/\/staging-cfe5-efecomunicaefe.wpcomstaging.com\/pt-pt\/the-climate-reality-project-hb6uwq0i4mi-unsplash-jpg\/\" data-orig-file=\"https:\/\/staging-cfe5-efecomunicaefe.wpcomstaging.com\/wp-content\/uploads\/2026\/02\/the-climate-reality-project-Hb6uWq0i4MI-unsplash-1.jpg\" data-orig-size=\"2000,1333\" data-comments-opened=\"0\" data-image-meta=\"{&quot;aperture&quot;:&quot;0&quot;,&quot;credit&quot;:&quot;&quot;,&quot;camera&quot;:&quot;&quot;,&quot;caption&quot;:&quot;&quot;,&quot;created_timestamp&quot;:&quot;0&quot;,&quot;copyright&quot;:&quot;&quot;,&quot;focal_length&quot;:&quot;0&quot;,&quot;iso&quot;:&quot;0&quot;,&quot;shutter_speed&quot;:&quot;0&quot;,&quot;title&quot;:&quot;&quot;,&quot;orientation&quot;:&quot;0&quot;}\" data-image-title=\"the-climate-reality-project-Hb6uWq0i4MI-unsplash.jpg\" data-image-description=\"\" data-image-caption=\"\" data-large-file=\"https:\/\/staging-cfe5-efecomunicaefe.wpcomstaging.com\/wp-content\/uploads\/2026\/02\/the-climate-reality-project-Hb6uWq0i4MI-unsplash-1-1024x682.jpg\" width=\"2000\" height=\"1333\" src=\"https:\/\/staging-cfe5-efecomunicaefe.wpcomstaging.com\/wp-content\/uploads\/2026\/02\/the-climate-reality-project-Hb6uWq0i4MI-unsplash-1.jpg\" class=\"attachment-full size-full wp-image-209986\" alt=\"\" data-attachment-id=\"209986\" data-permalink=\"https:\/\/staging-cfe5-efecomunicaefe.wpcomstaging.com\/pt-pt\/the-climate-reality-project-hb6uwq0i4mi-unsplash-jpg\/\" data-orig-file=\"https:\/\/staging-cfe5-efecomunicaefe.wpcomstaging.com\/wp-content\/uploads\/2026\/02\/the-climate-reality-project-Hb6uWq0i4MI-unsplash-1.jpg\" data-orig-size=\"2000,1333\" data-comments-opened=\"0\" data-image-meta=\"{&quot;aperture&quot;:&quot;0&quot;,&quot;credit&quot;:&quot;&quot;,&quot;camera&quot;:&quot;&quot;,&quot;caption&quot;:&quot;&quot;,&quot;created_timestamp&quot;:&quot;0&quot;,&quot;copyright&quot;:&quot;&quot;,&quot;focal_length&quot;:&quot;0&quot;,&quot;iso&quot;:&quot;0&quot;,&quot;shutter_speed&quot;:&quot;0&quot;,&quot;title&quot;:&quot;&quot;,&quot;orientation&quot;:&quot;0&quot;}\" data-image-title=\"the-climate-reality-project-Hb6uWq0i4MI-unsplash.jpg\" data-image-description=\"\" data-image-caption=\"\" data-large-file=\"https:\/\/staging-cfe5-efecomunicaefe.wpcomstaging.com\/wp-content\/uploads\/2026\/02\/the-climate-reality-project-Hb6uWq0i4MI-unsplash-1-1024x682.jpg\" srcset=\"https:\/\/staging-cfe5-efecomunicaefe.wpcomstaging.com\/wp-content\/uploads\/2026\/02\/the-climate-reality-project-Hb6uWq0i4MI-unsplash-1.jpg 2000w, https:\/\/staging-cfe5-efecomunicaefe.wpcomstaging.com\/wp-content\/uploads\/2026\/02\/the-climate-reality-project-Hb6uWq0i4MI-unsplash-1-300x200.jpg 300w, https:\/\/staging-cfe5-efecomunicaefe.wpcomstaging.com\/wp-content\/uploads\/2026\/02\/the-climate-reality-project-Hb6uWq0i4MI-unsplash-1-1024x682.jpg 1024w, https:\/\/staging-cfe5-efecomunicaefe.wpcomstaging.com\/wp-content\/uploads\/2026\/02\/the-climate-reality-project-Hb6uWq0i4MI-unsplash-1-768x512.jpg 768w, https:\/\/staging-cfe5-efecomunicaefe.wpcomstaging.com\/wp-content\/uploads\/2026\/02\/the-climate-reality-project-Hb6uWq0i4MI-unsplash-1-1120x746.jpg 1120w, https:\/\/staging-cfe5-efecomunicaefe.wpcomstaging.com\/wp-content\/uploads\/2026\/02\/the-climate-reality-project-Hb6uWq0i4MI-unsplash-1-1536x1024.jpg 1536w\" sizes=\"(max-width: 2000px) 100vw, 2000px\" \/><\/figure><div class=\"elementor-image-box-content\"><h2 class=\"elementor-image-box-title\">Texto<\/h2><p class=\"elementor-image-box-description\">Sabemos que a mensagem \u00e9 fundamental na comunica\u00e7\u00e3o. Por isso, oferecemos servi\u00e7os de reda\u00e7\u00e3o de conte\u00fados de texto a partir de entrevistas coletivas ou individuais, eventos p\u00fablicos, webinars e comunicados.<\/p><\/div><\/div>\t\t\t\t<\/div>\n\t\t\t\t<\/div>\n\t\t\t\t<div class=\"elementor-element elementor-element-1c8d822 elementor-position-right elementor-vertical-align-middle elementor-widget elementor-widget-image-box\" data-id=\"1c8d822\" data-element_type=\"widget\" data-e-type=\"widget\" data-widget_type=\"image-box.default\">\n\t\t\t\t<div class=\"elementor-widget-container\">\n\t\t\t\t\t<div class=\"elementor-image-box-wrapper\"><figure class=\"elementor-image-box-img\"><img decoding=\"async\" data-attachment-id=\"209987\" data-permalink=\"https:\/\/staging-cfe5-efecomunicaefe.wpcomstaging.com\/pt-pt\/sharegrid-n10auyevst8-unsplash-jpg\/\" data-orig-file=\"https:\/\/staging-cfe5-efecomunicaefe.wpcomstaging.com\/wp-content\/uploads\/2026\/02\/sharegrid-N10auyEVst8-unsplash-1.jpg\" data-orig-size=\"2000,1125\" data-comments-opened=\"0\" data-image-meta=\"{&quot;aperture&quot;:&quot;0&quot;,&quot;credit&quot;:&quot;&quot;,&quot;camera&quot;:&quot;&quot;,&quot;caption&quot;:&quot;&quot;,&quot;created_timestamp&quot;:&quot;0&quot;,&quot;copyright&quot;:&quot;&quot;,&quot;focal_length&quot;:&quot;0&quot;,&quot;iso&quot;:&quot;0&quot;,&quot;shutter_speed&quot;:&quot;0&quot;,&quot;title&quot;:&quot;&quot;,&quot;orientation&quot;:&quot;0&quot;}\" data-image-title=\"sharegrid-N10auyEVst8-unsplash.jpg\" data-image-description=\"\" data-image-caption=\"\" data-large-file=\"https:\/\/staging-cfe5-efecomunicaefe.wpcomstaging.com\/wp-content\/uploads\/2026\/02\/sharegrid-N10auyEVst8-unsplash-1-1024x576.jpg\" width=\"2000\" height=\"1125\" src=\"https:\/\/staging-cfe5-efecomunicaefe.wpcomstaging.com\/wp-content\/uploads\/2026\/02\/sharegrid-N10auyEVst8-unsplash-1.jpg\" class=\"attachment-full size-full wp-image-209987\" alt=\"\" data-attachment-id=\"209987\" data-permalink=\"https:\/\/staging-cfe5-efecomunicaefe.wpcomstaging.com\/pt-pt\/sharegrid-n10auyevst8-unsplash-jpg\/\" data-orig-file=\"https:\/\/staging-cfe5-efecomunicaefe.wpcomstaging.com\/wp-content\/uploads\/2026\/02\/sharegrid-N10auyEVst8-unsplash-1.jpg\" data-orig-size=\"2000,1125\" data-comments-opened=\"0\" data-image-meta=\"{&quot;aperture&quot;:&quot;0&quot;,&quot;credit&quot;:&quot;&quot;,&quot;camera&quot;:&quot;&quot;,&quot;caption&quot;:&quot;&quot;,&quot;created_timestamp&quot;:&quot;0&quot;,&quot;copyright&quot;:&quot;&quot;,&quot;focal_length&quot;:&quot;0&quot;,&quot;iso&quot;:&quot;0&quot;,&quot;shutter_speed&quot;:&quot;0&quot;,&quot;title&quot;:&quot;&quot;,&quot;orientation&quot;:&quot;0&quot;}\" data-image-title=\"sharegrid-N10auyEVst8-unsplash.jpg\" data-image-description=\"\" data-image-caption=\"\" data-large-file=\"https:\/\/staging-cfe5-efecomunicaefe.wpcomstaging.com\/wp-content\/uploads\/2026\/02\/sharegrid-N10auyEVst8-unsplash-1-1024x576.jpg\" srcset=\"https:\/\/staging-cfe5-efecomunicaefe.wpcomstaging.com\/wp-content\/uploads\/2026\/02\/sharegrid-N10auyEVst8-unsplash-1.jpg 2000w, https:\/\/staging-cfe5-efecomunicaefe.wpcomstaging.com\/wp-content\/uploads\/2026\/02\/sharegrid-N10auyEVst8-unsplash-1-300x169.jpg 300w, https:\/\/staging-cfe5-efecomunicaefe.wpcomstaging.com\/wp-content\/uploads\/2026\/02\/sharegrid-N10auyEVst8-unsplash-1-1024x576.jpg 1024w, https:\/\/staging-cfe5-efecomunicaefe.wpcomstaging.com\/wp-content\/uploads\/2026\/02\/sharegrid-N10auyEVst8-unsplash-1-768x432.jpg 768w, https:\/\/staging-cfe5-efecomunicaefe.wpcomstaging.com\/wp-content\/uploads\/2026\/02\/sharegrid-N10auyEVst8-unsplash-1-1120x630.jpg 1120w, https:\/\/staging-cfe5-efecomunicaefe.wpcomstaging.com\/wp-content\/uploads\/2026\/02\/sharegrid-N10auyEVst8-unsplash-1-1536x864.jpg 1536w\" sizes=\"(max-width: 2000px) 100vw, 2000px\" \/><\/figure><div class=\"elementor-image-box-content\"><h2 class=\"elementor-image-box-title\">Foto<\/h2><p class=\"elementor-image-box-description\">Enriquecemos suas informa\u00e7\u00f5es por meio de imagens de m\u00e1xima qualidade para refor\u00e7ar a divulga\u00e7\u00e3o de sua hist\u00f3ria. Nossos correspondentes fotojornalistas captam em qualquer lugar do mundo o melhor \u00e2ngulo para agregar valor ao seu plano de comunica\u00e7\u00e3o.<\/p><\/div><\/div>\t\t\t\t<\/div>\n\t\t\t\t<\/div>\n\t\t\t\t<div class=\"elementor-element elementor-element-95969c7 elementor-position-left elementor-vertical-align-middle elementor-widget elementor-widget-image-box\" data-id=\"95969c7\" data-element_type=\"widget\" data-e-type=\"widget\" data-widget_type=\"image-box.default\">\n\t\t\t\t<div class=\"elementor-widget-container\">\n\t\t\t\t\t<div class=\"elementor-image-box-wrapper\"><figure class=\"elementor-image-box-img\"><img decoding=\"async\" data-attachment-id=\"209988\" data-permalink=\"https:\/\/staging-cfe5-efecomunicaefe.wpcomstaging.com\/pt-pt\/efespthirteen919088-jpg\/\" data-orig-file=\"https:\/\/staging-cfe5-efecomunicaefe.wpcomstaging.com\/wp-content\/uploads\/2026\/02\/efespthirteen919088-1.jpg\" data-orig-size=\"2000,1322\" data-comments-opened=\"0\" data-image-meta=\"{&quot;aperture&quot;:&quot;0&quot;,&quot;credit&quot;:&quot;&quot;,&quot;camera&quot;:&quot;&quot;,&quot;caption&quot;:&quot;&quot;,&quot;created_timestamp&quot;:&quot;0&quot;,&quot;copyright&quot;:&quot;&quot;,&quot;focal_length&quot;:&quot;0&quot;,&quot;iso&quot;:&quot;0&quot;,&quot;shutter_speed&quot;:&quot;0&quot;,&quot;title&quot;:&quot;&quot;,&quot;orientation&quot;:&quot;0&quot;}\" data-image-title=\"efespthirteen919088.jpg\" data-image-description=\"\" data-image-caption=\"\" data-large-file=\"https:\/\/staging-cfe5-efecomunicaefe.wpcomstaging.com\/wp-content\/uploads\/2026\/02\/efespthirteen919088-1-1024x677.jpg\" width=\"2000\" height=\"1322\" src=\"https:\/\/staging-cfe5-efecomunicaefe.wpcomstaging.com\/wp-content\/uploads\/2026\/02\/efespthirteen919088-1.jpg\" class=\"attachment-full size-full wp-image-209988\" alt=\"\" data-attachment-id=\"209988\" data-permalink=\"https:\/\/staging-cfe5-efecomunicaefe.wpcomstaging.com\/pt-pt\/efespthirteen919088-jpg\/\" data-orig-file=\"https:\/\/staging-cfe5-efecomunicaefe.wpcomstaging.com\/wp-content\/uploads\/2026\/02\/efespthirteen919088-1.jpg\" data-orig-size=\"2000,1322\" data-comments-opened=\"0\" data-image-meta=\"{&quot;aperture&quot;:&quot;0&quot;,&quot;credit&quot;:&quot;&quot;,&quot;camera&quot;:&quot;&quot;,&quot;caption&quot;:&quot;&quot;,&quot;created_timestamp&quot;:&quot;0&quot;,&quot;copyright&quot;:&quot;&quot;,&quot;focal_length&quot;:&quot;0&quot;,&quot;iso&quot;:&quot;0&quot;,&quot;shutter_speed&quot;:&quot;0&quot;,&quot;title&quot;:&quot;&quot;,&quot;orientation&quot;:&quot;0&quot;}\" data-image-title=\"efespthirteen919088.jpg\" data-image-description=\"\" data-image-caption=\"\" data-large-file=\"https:\/\/staging-cfe5-efecomunicaefe.wpcomstaging.com\/wp-content\/uploads\/2026\/02\/efespthirteen919088-1-1024x677.jpg\" srcset=\"https:\/\/staging-cfe5-efecomunicaefe.wpcomstaging.com\/wp-content\/uploads\/2026\/02\/efespthirteen919088-1.jpg 2000w, https:\/\/staging-cfe5-efecomunicaefe.wpcomstaging.com\/wp-content\/uploads\/2026\/02\/efespthirteen919088-1-300x198.jpg 300w, https:\/\/staging-cfe5-efecomunicaefe.wpcomstaging.com\/wp-content\/uploads\/2026\/02\/efespthirteen919088-1-1024x677.jpg 1024w, https:\/\/staging-cfe5-efecomunicaefe.wpcomstaging.com\/wp-content\/uploads\/2026\/02\/efespthirteen919088-1-768x508.jpg 768w, https:\/\/staging-cfe5-efecomunicaefe.wpcomstaging.com\/wp-content\/uploads\/2026\/02\/efespthirteen919088-1-1120x740.jpg 1120w, https:\/\/staging-cfe5-efecomunicaefe.wpcomstaging.com\/wp-content\/uploads\/2026\/02\/efespthirteen919088-1-1536x1015.jpg 1536w\" sizes=\"(max-width: 2000px) 100vw, 2000px\" \/><\/figure><div class=\"elementor-image-box-content\"><h2 class=\"elementor-image-box-title\">V\u00eddeo e \u00e1udio<\/h2><p class=\"elementor-image-box-description\">Geramos conte\u00fados audiovisuais para empresas e institui\u00e7\u00f5es com necessidade de comunicar de forma mais abrangente. Seja um v\u00eddeo release, um v\u00eddeo corporativo ou um podcast, adaptamos nossa produ\u00e7\u00e3o a qualquer meio ou canal de distribui\u00e7\u00e3o.<\/p><\/div><\/div>\t\t\t\t<\/div>\n\t\t\t\t<\/div>\n\t\t\t\t\t<\/div>\n\t\t\t\t<\/div>\n\t\t\t\t<\/div>\n\t\t","protected":false},"excerpt":{"rendered":"<p>Gera\u00e7\u00e3o de conte\u00fados Texto Sabemos que a mensagem \u00e9 fundamental na comunica\u00e7\u00e3o. Por isso, oferecemos servi\u00e7os de reda\u00e7\u00e3o de conte\u00fados de texto a partir de entrevistas coletivas ou individuais, eventos p\u00fablicos, webinars e comunicados. Foto Enriquecemos suas informa\u00e7\u00f5es por meio de imagens de m\u00e1xima qualidade para refor\u00e7ar a divulga\u00e7\u00e3o de sua hist\u00f3ria. Nossos correspondentes fotojornalistas &#8230; <\/p>\n<p class=\"read-more-container\"><a title=\"Gera\u00e7\u00e3o de conte\u00fados\" class=\"read-more button\" href=\"https:\/\/staging-cfe5-efecomunicaefe.wpcomstaging.com\/pt-pt\/geracao-de-conteudos\/#more-15981\" aria-label=\"Mais em Gera\u00e7\u00e3o de conte\u00fados\">Ler mais<\/a><\/p>\n","protected":false},"author":198164071,"featured_media":0,"parent":0,"menu_order":0,"comment_status":"closed","ping_status":"closed","template":"","meta":{"_acf_changed":false,"footnotes":""},"class_list":["post-15981","page","type-page","status-publish","hentry","infinite-scroll-item"],"acf":[],"yoast_head":"<!-- This site is optimized with the Yoast SEO plugin v27.6 - https:\/\/yoast.com\/product\/yoast-seo-wordpress\/ -->\n<title>Gera\u00e7\u00e3o de conte\u00fados - EFE Comunica<\/title>\n<meta name=\"description\" content=\"Gera\u00e7\u00e3o de conte\u00fados TextoSabemos que a mensagem \u00e9 fundamental na comunica\u00e7\u00e3o. Por isso, oferecemos servi\u00e7os de reda\u00e7\u00e3o de conte\u00fados de texto a partir de\" \/>\n<meta name=\"robots\" content=\"index, follow, max-snippet:-1, max-image-preview:large, max-video-preview:-1\" \/>\n<link rel=\"canonical\" href=\"https:\/\/efecomunica.efe.com\/pt-pt\/geracao-de-conteudos\/\" \/>\n<!-- \/ Yoast SEO plugin. -->","yoast_head_json":{"title":"Gera\u00e7\u00e3o de conte\u00fados - EFE Comunica","description":"Gera\u00e7\u00e3o de conte\u00fados TextoSabemos que a mensagem \u00e9 fundamental na comunica\u00e7\u00e3o. Por isso, oferecemos servi\u00e7os de reda\u00e7\u00e3o de conte\u00fados de texto a partir de","robots":{"index":"index","follow":"follow","max-snippet":"max-snippet:-1","max-image-preview":"max-image-preview:large","max-video-preview":"max-video-preview:-1"},"canonical":"https:\/\/efecomunica.efe.com\/pt-pt\/geracao-de-conteudos\/","schema":{"@context":"https:\/\/schema.org","@graph":[{"@type":"WebPage","@id":"https:\/\/efecomunica.efe.com\/pt-pt\/geracao-de-conteudos\/","url":"https:\/\/efecomunica.efe.com\/pt-pt\/geracao-de-conteudos\/","name":"Gera\u00e7\u00e3o de conte\u00fados - EFE Comunica","isPartOf":{"@id":"https:\/\/efecomunica.efe.com\/#website"},"primaryImageOfPage":{"@id":"https:\/\/efecomunica.efe.com\/pt-pt\/geracao-de-conteudos\/#primaryimage"},"image":{"@id":"https:\/\/efecomunica.efe.com\/pt-pt\/geracao-de-conteudos\/#primaryimage"},"thumbnailUrl":"https:\/\/staging-cfe5-efecomunicaefe.wpcomstaging.com\/wp-content\/uploads\/2020\/12\/the-climate-reality-project-Hb6uWq0i4MI-unsplash.jpg","datePublished":"2021-01-27T05:55:31+00:00","dateModified":"2026-02-23T12:55:04+00:00","description":"Gera\u00e7\u00e3o de conte\u00fados TextoSabemos que a mensagem \u00e9 fundamental na comunica\u00e7\u00e3o. Por isso, oferecemos servi\u00e7os de reda\u00e7\u00e3o de conte\u00fados de texto a partir de","breadcrumb":{"@id":"https:\/\/efecomunica.efe.com\/pt-pt\/geracao-de-conteudos\/#breadcrumb"},"inLanguage":"pt-PT","potentialAction":[{"@type":"ReadAction","target":["https:\/\/efecomunica.efe.com\/pt-pt\/geracao-de-conteudos\/"]}]},{"@type":"ImageObject","inLanguage":"pt-PT","@id":"https:\/\/efecomunica.efe.com\/pt-pt\/geracao-de-conteudos\/#primaryimage","url":"https:\/\/staging-cfe5-efecomunicaefe.wpcomstaging.com\/wp-content\/uploads\/2020\/12\/the-climate-reality-project-Hb6uWq0i4MI-unsplash.jpg","contentUrl":"https:\/\/staging-cfe5-efecomunicaefe.wpcomstaging.com\/wp-content\/uploads\/2020\/12\/the-climate-reality-project-Hb6uWq0i4MI-unsplash.jpg"},{"@type":"BreadcrumbList","@id":"https:\/\/efecomunica.efe.com\/pt-pt\/geracao-de-conteudos\/#breadcrumb","itemListElement":[{"@type":"ListItem","position":1,"name":"Portada","item":"https:\/\/efecomunica.efe.com\/pt-pt\/"},{"@type":"ListItem","position":2,"name":"Gera\u00e7\u00e3o de conte\u00fados"}]},{"@type":"WebSite","@id":"https:\/\/efecomunica.efe.com\/#website","url":"https:\/\/efecomunica.efe.com\/","name":"EFE Comunica","description":"Contenidos para empresas","publisher":{"@id":"https:\/\/efecomunica.efe.com\/#organization"},"potentialAction":[{"@type":"SearchAction","target":{"@type":"EntryPoint","urlTemplate":"https:\/\/efecomunica.efe.com\/?s={search_term_string}"},"query-input":{"@type":"PropertyValueSpecification","valueRequired":true,"valueName":"search_term_string"}}],"inLanguage":"pt-PT"},{"@type":"Organization","@id":"https:\/\/efecomunica.efe.com\/#organization","name":"EFE Comunica","url":"https:\/\/efecomunica.efe.com\/","logo":{"@type":"ImageObject","inLanguage":"pt-PT","@id":"https:\/\/efecomunica.efe.com\/#\/schema\/logo\/image\/","url":"https:\/\/staging-cfe5-efecomunicaefe.wpcomstaging.com\/wp-content\/uploads\/2020\/12\/Logo-EFE-Comunica_png.webp","contentUrl":"https:\/\/staging-cfe5-efecomunicaefe.wpcomstaging.com\/wp-content\/uploads\/2020\/12\/Logo-EFE-Comunica_png.webp","width":1080,"height":486,"caption":"EFE Comunica"},"image":{"@id":"https:\/\/efecomunica.efe.com\/#\/schema\/logo\/image\/"},"sameAs":["https:\/\/www.facebook.com\/EFEComunicaAgenciaEFE","https:\/\/x.com\/EFEcomunica","https:\/\/www.linkedin.com\/showcase\/efecomunica"]}]}},"jetpack_likes_enabled":true,"jetpack_shortlink":"https:\/\/wp.me\/Ph6zp1-49L","jetpack_sharing_enabled":true,"_links":{"self":[{"href":"https:\/\/staging-cfe5-efecomunicaefe.wpcomstaging.com\/pt-pt\/wp-json\/wp\/v2\/pages\/15981","targetHints":{"allow":["GET"]}}],"collection":[{"href":"https:\/\/staging-cfe5-efecomunicaefe.wpcomstaging.com\/pt-pt\/wp-json\/wp\/v2\/pages"}],"about":[{"href":"https:\/\/staging-cfe5-efecomunicaefe.wpcomstaging.com\/pt-pt\/wp-json\/wp\/v2\/types\/page"}],"author":[{"embeddable":true,"href":"https:\/\/staging-cfe5-efecomunicaefe.wpcomstaging.com\/pt-pt\/wp-json\/wp\/v2\/users\/198164071"}],"replies":[{"embeddable":true,"href":"https:\/\/staging-cfe5-efecomunicaefe.wpcomstaging.com\/pt-pt\/wp-json\/wp\/v2\/comments?post=15981"}],"version-history":[{"count":7,"href":"https:\/\/staging-cfe5-efecomunicaefe.wpcomstaging.com\/pt-pt\/wp-json\/wp\/v2\/pages\/15981\/revisions"}],"predecessor-version":[{"id":209991,"href":"https:\/\/staging-cfe5-efecomunicaefe.wpcomstaging.com\/pt-pt\/wp-json\/wp\/v2\/pages\/15981\/revisions\/209991"}],"wp:attachment":[{"href":"https:\/\/staging-cfe5-efecomunicaefe.wpcomstaging.com\/pt-pt\/wp-json\/wp\/v2\/media?parent=15981"}],"curies":[{"name":"wp","href":"https:\/\/api.w.org\/{rel}","templated":true}]}}